{"id":722,"date":"2023-05-31T19:59:12","date_gmt":"2023-05-31T19:59:12","guid":{"rendered":"https:\/\/www.1web.az\/psgkapital\/?page_id=722"},"modified":"2023-08-07T09:19:33","modified_gmt":"2023-08-07T09:19:33","slug":"psg-kapital-haqqinda","status":"publish","type":"page","link":"https:\/\/psgkapital.az\/en\/psg-kapital-haqqinda\/","title":{"rendered":"About PSG-Kapital"},"content":{"rendered":"\t\t<div data-elementor-type=\"wp-page\" data-elementor-id=\"722\" class=\"elementor elementor-722\">\n\t\t\t\t\t\t<section class=\"elementor-section elementor-top-section elementor-element elementor-element-8e1015a elementor-section-boxed elementor-section-height-default elementor-section-height-default\" data-id=\"8e1015a\" data-element_type=\"section\">\n\t\t\t\t\t\t<div class=\"elementor-container elementor-column-gap-default\">\n\t\t\t\t\t<div class=\"elementor-column elementor-col-100 elementor-top-column elementor-element elementor-element-80a1d5f\" data-id=\"80a1d5f\" data-element_type=\"column\">\n\t\t\t<div class=\"elementor-widget-wrap elementor-element-populated\">\n\t\t\t\t\t\t<div class=\"elementor-element elementor-element-8d8f2e7 elementor-widget elementor-widget-spacer\" data-id=\"8d8f2e7\" data-element_type=\"widget\" data-widget_type=\"spacer.default\">\n\t\t\t\t<div class=\"elementor-widget-container\">\n\t\t\t\t\t\t\t<div class=\"elementor-spacer\">\n\t\t\t<div class=\"elementor-spacer-inner\"><\/div>\n\t\t<\/div>\n\t\t\t\t\t\t<\/div>\n\t\t\t\t<\/div>\n\t\t\t\t\t<\/div>\n\t\t<\/div>\n\t\t\t\t\t<\/div>\n\t\t<\/section>\n\t\t\t\t<section class=\"elementor-section elementor-top-section elementor-element elementor-element-005fcc4 elementor-section-boxed elementor-section-height-default elementor-section-height-default\" data-id=\"005fcc4\" data-element_type=\"section\">\n\t\t\t\t\t\t<div class=\"elementor-container elementor-column-gap-default\">\n\t\t\t\t\t<div class=\"elementor-column elementor-col-100 elementor-top-column elementor-element elementor-element-6b954fc\" data-id=\"6b954fc\" data-element_type=\"column\">\n\t\t\t<div class=\"elementor-widget-wrap elementor-element-populated\">\n\t\t\t\t\t\t<div class=\"elementor-element elementor-element-0113336 elementor-widget elementor-widget-text-editor\" data-id=\"0113336\" data-element_type=\"widget\" data-widget_type=\"text-editor.default\">\n\t\t\t\t<div class=\"elementor-widget-container\">\n\t\t\t\t\t\t\t\t\t<p>&#8220;PSG-Kapital \u0130nvestisiya \u015eirk\u0259ti&#8221; QSC 2012-ci ild\u0259 qurulmu\u015f PSG-Broker \u015firk\u0259tinin h\u00fcquqi varisidir v\u0259 PSG qrup \u015firk\u0259tl\u0259rind\u0259n biridir. 2016-c\u0131 ild\u0259 \u015firk\u0259tin nizamnam\u0259 kapital\u0131 1 000 000 AZN olmu\u015f v\u0259 h\u00fcquqi formas\u0131 m\u00f6hk\u0259ml\u0259ndirilmi\u015fdir. T\u0259sis\u00e7i t\u0259r\u0259find\u0259n \u015firk\u0259tin nizamnam\u0259 kapital\u0131 2018-ci il Mart ay\u0131n\u0131n 13-d\u0259 1 000 000 AZN art\u0131r\u0131laraq 2 000 000 AZN-\u0259 \u00e7atd\u0131r\u0131lm\u0131\u015fd\u0131r.<\/p><p>M\u0259qs\u0259dimiz yerli v\u0259 beyn\u0259lxalq maliyy\u0259 bazarlar\u0131nda h\u0259m \u00f6z hesab\u0131m\u0131za,\u00a0h\u0259m d\u0259 m\u00fc\u015ft\u0259ril\u0259rimizin hesab\u0131na investisiyalar etm\u0259k, vasit\u0259\u00e7ilik, anderraytinq, portfelin idar\u0259edilm\u0259si v\u0259 investisiya m\u0259sl\u0259h\u0259tl\u0259ri xidm\u0259tl\u0259rini \u0259n y\u00fcks\u0259k s\u0259viyy\u0259d\u0259 g\u00f6st\u0259rm\u0259kdir.\u00a0<\/p><p>2014-c\u00fc ild\u0259 PSG-Broker &#8220;C\u0259nub Qaz D\u0259hlizi&#8221; QSC-nin 101.12 milyon dollar h\u0259cmind\u0259 istiqraz emissiyas\u0131nda, 2016-c\u0131 ild\u0259 is\u0259 PSG-Kapital ARDN\u015e-nin 100 milyon dollar h\u0259cmind\u0259 SOCAR \u0130stiqraz emissiyas\u0131nda anderrayter qismind\u0259 \u00e7\u0131x\u0131\u015f etmi\u015fdir. \u018fm\u0259liyyatlar Bak\u0131 Fond Birjas\u0131nda apar\u0131lm\u0131\u015fd\u0131r. Hal-haz\u0131rda PSG Kapital \u0130\u015e bu istiqrazlar\u0131n market meykeridir. PSG-Kapital\u0131n bel\u0259 stratejik \u0259h\u0259miyy\u0259tli layih\u0259l\u0259rd\u0259 i\u015ftirak\u0131 onun Az\u0259rbaycan maliyy\u0259 bazar\u0131ndak\u0131 rolunun g\u00f6st\u0259ricisidir.<\/p><p>PSG-Kapital \u0130\u015e &#8220;Practical Solutions Group&#8221; -nun \u015firk\u0259tl\u0259rind\u0259n biridir v\u0259 qrupun h\u0259m pe\u015f\u0259kar hey\u0259tind\u0259n, h\u0259m d\u0259 m\u00fcsb\u0259t i\u015f m\u00fchitind\u0259n tam m\u0259nada faydalan\u0131r v\u0259 inki\u015faf edir. Practical Solutions Group h\u00fcquq v\u0259 biznes m\u0259sl\u0259h\u0259tl\u0259ri\u00a0xidm\u0259tl\u0259ri\u00a0<wbr \/>g\u00f6st\u0259rir v\u0259 m\u00fc\u015ft\u0259ril\u0259rin\u0259 maliyy\u0259, h\u00fcquq, idar\u0259etm\u0259, investisiya v\u0259 s. m\u00f6vzularda m\u0259sl\u0259h\u0259tl\u0259r verir v\u0259 h\u0259ll\u0259r t\u0259klif edir. Biznesin inki\u015faf\u0131, layih\u0259\u00a0idar\u0259etm\u0259si, maliyy\u0259tin v\u0259 verginin optimalla\u015fd\u0131r\u0131lmas\u0131, da\u015f\u0131nmaz \u0259mlak\u0131n\u00a0auditi\u00a0f\u0259aliyy\u0259tinin \u0259sas s\u00fctunlar\u0131n\u0131 t\u0259\u015fkil edir. S\u0131\u011forta v\u0259 Bank sektorunda da f\u0259aliyy\u0259tini geni\u015fl\u0259ndirm\u0259k\u00a0qrupun h\u0259d\u0259fl\u0259rind\u0259n biridir. \u00a0M\u0259rk\u0259zi Bak\u0131da yerl\u0259\u015f\u0259n PSG eyni zamanda AB\u015e,\u00a0B\u018f\u018f v\u0259\u00a0T\u00fcrkiy\u0259d\u0259 f\u0259aliyy\u0259t g\u00f6st\u0259rir.<\/p><p>PSG-Kapital Az\u0259rbaycan\u0131n apar\u0131c\u0131 bank v\u0259 s\u0131\u011forta t\u0259\u015fkilatlar\u0131 il\u0259 \u0259m\u0259kda\u015fl\u0131q edir. Biz eyni zamanda ist\u0259r inki\u015faf etmi\u015f \u00f6lk\u0259l\u0259rin,\u00a0ist\u0259rs\u0259 d\u0259 inki\u015faf etm\u0259kd\u0259 olan \u00f6lk\u0259l\u0259rin maliyy\u0259 t\u0259\u015fkilat\u0131lar\u0131 il\u0259 olan \u0259laq\u0259l\u0259rimizi geni\u015fl\u0259ndiririk. Partnyorlar\u0131m\u0131z aras\u0131nda SOCAR, Respublika Bank, Rabit\u0259 Bank, Meqa S\u0131\u011forta, G\u00fcnay Bank, \u0130nteractive Brokers, \u0130\u015f Yat\u0131r\u0131m, Tacirl\u0259r Yat\u0131r\u0131m kimi \u015firk\u0259tl\u0259r yer tutur.\u00a0<\/p><p>PSG Kapital\u0131n 2018-ci il \u00fczr\u0259 d\u00f6vriyy\u0259si v\u0259 qiym\u0259tli ka\u011f\u0131zlar\u0131n g\u0259lirliliyi a\u015fa\u011f\u0131dak\u0131 kimidir.<\/p><p>AZN- 383 099 675.00<\/p><p>USD- 278 396 623.00 (AZN ekvivalenti 473 274 259.10)<\/p><p>g\u0259lirlilik AZN \u00fczr\u0259- \u00a07-8 %<\/p><p>g\u0259lirlilik USD \u00fczr\u0259- 4-5%<\/p><p>\u00a0<\/p><p><strong><span style=\"color: #ff0000;\">PSG-Kapital Bak\u0131 Fond Birjas\u0131n\u0131n \u00fczv\u00fcd\u00fcr v\u0259 Maliyy\u0259 Bazarlar\u0131na N\u0259zar\u0259t Palatas\u0131 t\u0259r\u0259find\u0259n 01 lisenziya n\u00f6mr\u0259si il\u0259 f\u0259aliyy\u0259t g\u00f6st\u0259rir.<\/span><\/strong><\/p>\t\t\t\t\t\t\t\t<\/div>\n\t\t\t\t<\/div>\n\t\t\t\t\t<\/div>\n\t\t<\/div>\n\t\t\t\t\t<\/div>\n\t\t<\/section>\n\t\t\t\t<\/div>\n\t\t","protected":false},"excerpt":{"rendered":"<p>&#8220;PSG-Kapital \u0130nvestisiya \u015eirk\u0259ti&#8221; QSC 2012-ci ild\u0259 qurulmu\u015f PSG-Broker \u015firk\u0259tinin h\u00fcquqi varisidir v\u0259 PSG qrup \u015firk\u0259tl\u0259rind\u0259n biridir. 2016-c\u0131 ild\u0259 \u015firk\u0259tin nizamnam\u0259 kapital\u0131 1 000 000 AZN olmu\u015f v\u0259 h\u00fcquqi formas\u0131 m\u00f6hk\u0259ml\u0259ndirilmi\u015fdir. T\u0259sis\u00e7i t\u0259r\u0259find\u0259n \u015firk\u0259tin nizamnam\u0259 kapital\u0131 2018-ci il Mart ay\u0131n\u0131n 13-d\u0259 1 000 000 AZN art\u0131r\u0131laraq 2 000 000 AZN-\u0259 \u00e7atd\u0131r\u0131lm\u0131\u015fd\u0131r. M\u0259qs\u0259dimiz yerli v\u0259 beyn\u0259lxalq maliyy\u0259 [&hellip;]<\/p>\n","protected":false},"author":1,"featured_media":0,"parent":0,"menu_order":0,"comment_status":"closed","ping_status":"closed","template":"elementor_header_footer","meta":{"_acf_changed":false,"_monsterinsights_skip_tracking":false,"_monsterinsights_sitenote_active":false,"_monsterinsights_sitenote_note":"","_monsterinsights_sitenote_category":0,"footnotes":""},"class_list":["post-722","page","type-page","status-publish","hentry"],"acf":[],"_links":{"self":[{"href":"https:\/\/psgkapital.az\/en\/wp-json\/wp\/v2\/pages\/722","targetHints":{"allow":["GET"]}}],"collection":[{"href":"https:\/\/psgkapital.az\/en\/wp-json\/wp\/v2\/pages"}],"about":[{"href":"https:\/\/psgkapital.az\/en\/wp-json\/wp\/v2\/types\/page"}],"author":[{"embeddable":true,"href":"https:\/\/psgkapital.az\/en\/wp-json\/wp\/v2\/users\/1"}],"replies":[{"embeddable":true,"href":"https:\/\/psgkapital.az\/en\/wp-json\/wp\/v2\/comments?post=722"}],"version-history":[{"count":8,"href":"https:\/\/psgkapital.az\/en\/wp-json\/wp\/v2\/pages\/722\/revisions"}],"predecessor-version":[{"id":1066,"href":"https:\/\/psgkapital.az\/en\/wp-json\/wp\/v2\/pages\/722\/revisions\/1066"}],"wp:attachment":[{"href":"https:\/\/psgkapital.az\/en\/wp-json\/wp\/v2\/media?parent=722"}],"curies":[{"name":"wp","href":"https:\/\/api.w.org\/{rel}","templated":true}]}}