{"id":794,"date":"2023-05-31T21:04:29","date_gmt":"2023-05-31T21:04:29","guid":{"rendered":"https:\/\/www.1web.az\/psgkapital\/?page_id=794"},"modified":"2023-08-07T09:28:42","modified_gmt":"2023-08-07T09:28:42","slug":"market-meyker-xidmeti","status":"publish","type":"page","link":"https:\/\/psgkapital.az\/en\/market-meyker-xidmeti\/","title":{"rendered":"Market-Maker Services"},"content":{"rendered":"\t\t<div data-elementor-type=\"wp-page\" data-elementor-id=\"794\" class=\"elementor elementor-794\">\n\t\t\t\t\t\t<section class=\"elementor-section elementor-top-section elementor-element elementor-element-772e53d elementor-section-boxed elementor-section-height-default elementor-section-height-default\" data-id=\"772e53d\" data-element_type=\"section\">\n\t\t\t\t\t\t<div class=\"elementor-container elementor-column-gap-default\">\n\t\t\t\t\t<div class=\"elementor-column elementor-col-100 elementor-top-column elementor-element elementor-element-cbb39e6\" data-id=\"cbb39e6\" data-element_type=\"column\">\n\t\t\t<div class=\"elementor-widget-wrap elementor-element-populated\">\n\t\t\t\t\t\t<div class=\"elementor-element elementor-element-1f04469 elementor-widget elementor-widget-spacer\" data-id=\"1f04469\" data-element_type=\"widget\" data-widget_type=\"spacer.default\">\n\t\t\t\t<div class=\"elementor-widget-container\">\n\t\t\t\t\t\t\t<div class=\"elementor-spacer\">\n\t\t\t<div class=\"elementor-spacer-inner\"><\/div>\n\t\t<\/div>\n\t\t\t\t\t\t<\/div>\n\t\t\t\t<\/div>\n\t\t\t\t\t<\/div>\n\t\t<\/div>\n\t\t\t\t\t<\/div>\n\t\t<\/section>\n\t\t\t\t<section class=\"elementor-section elementor-top-section elementor-element elementor-element-4e433e9 elementor-section-boxed elementor-section-height-default elementor-section-height-default\" data-id=\"4e433e9\" data-element_type=\"section\">\n\t\t\t\t\t\t<div class=\"elementor-container elementor-column-gap-default\">\n\t\t\t\t\t<div class=\"elementor-column elementor-col-100 elementor-top-column elementor-element elementor-element-0fa5d4b\" data-id=\"0fa5d4b\" data-element_type=\"column\">\n\t\t\t<div class=\"elementor-widget-wrap elementor-element-populated\">\n\t\t\t\t\t\t<div class=\"elementor-element elementor-element-ba4120f elementor-widget elementor-widget-text-editor\" data-id=\"ba4120f\" data-element_type=\"widget\" data-widget_type=\"text-editor.default\">\n\t\t\t\t<div class=\"elementor-widget-container\">\n\t\t\t\t\t\t\t\t\t<h2>Market-Meyker Xidm\u0259ti<\/h2><p><strong>Market-meyker h\u0259r hans\u0131 bir qiym\u0259tli ka\u011f\u0131z\u0131n al\u0131\u015f\u0131n\u0131 v\u0259 sat\u0131\u015f\u0131n\u0131 \u00f6z hesab\u0131na h\u0259yata ke\u00e7ir\u0259n investisiya \u015firk\u0259tidir. Qiym\u0259tli ka\u011f\u0131z\u0131n bazar yarad\u0131c\u0131s\u0131 olan Market meyker \u00f6z \u00fcz\u0259rin\u0259 m\u00fc\u0259yy\u0259n \u00f6hd\u0259likl\u0259r g\u00f6t\u00fcr\u00fcr :<\/strong><\/p><ul><li>Al\u0131\u015f v\u0259 sat\u0131\u015f qiym\u0259tl\u0259rini m\u00fc\u0259yy\u0259nl\u0259\u015fdirir v\u0259 birja vasit\u0259si il\u0259 elan edir.<\/li><li>Kotirovka spredi (al\u0131\u015f v\u0259 sat\u0131\u015f qiym\u0259tl\u0259ri aras\u0131nda olan f\u0259rq) m\u00fc\u0259yy\u0259n geni\u015fliyi \u00f6tm\u0259m\u0259lidir.<\/li><li>Minimal h\u0259cm: h\u0259r bir al\u0131\u015f v\u0259 sat\u0131\u015f qiym\u0259ti \u00fc\u00e7\u00fcn minimal h\u0259cm m\u00fc\u0259yy\u0259n edilir.<\/li><\/ul><p>PSG-Kapital Socar istiqrazlar\u0131n\u0131n market-meykeridir v\u0259\u00a0Bak\u0131 Fond Birjas\u0131nda g\u00fcnd\u0259lik al\u0131\u015f v\u0259 sat\u0131\u015f \u00f6hd\u0259liyi g\u00f6t\u00fcr\u00fcr.<\/p>\t\t\t\t\t\t\t\t<\/div>\n\t\t\t\t<\/div>\n\t\t\t\t\t<\/div>\n\t\t<\/div>\n\t\t\t\t\t<\/div>\n\t\t<\/section>\n\t\t\t\t<section class=\"elementor-section elementor-top-section elementor-element elementor-element-d7e3a5b elementor-section-boxed elementor-section-height-default elementor-section-height-default\" data-id=\"d7e3a5b\" data-element_type=\"section\">\n\t\t\t\t\t\t<div class=\"elementor-container elementor-column-gap-default\">\n\t\t\t\t\t<div class=\"elementor-column elementor-col-66 elementor-top-column elementor-element elementor-element-cf760d4\" data-id=\"cf760d4\" data-element_type=\"column\">\n\t\t\t<div class=\"elementor-widget-wrap elementor-element-populated\">\n\t\t\t\t\t\t<div class=\"elementor-element elementor-element-80ecd2b elementor-widget elementor-widget-accordion\" data-id=\"80ecd2b\" data-element_type=\"widget\" data-widget_type=\"accordion.default\">\n\t\t\t\t<div class=\"elementor-widget-container\">\n\t\t\t\t\t\t\t<div class=\"elementor-accordion\">\n\t\t\t\t\t\t\t<div class=\"elementor-accordion-item\">\n\t\t\t\t\t<div id=\"elementor-tab-title-1351\" class=\"elementor-tab-title\" data-tab=\"1\" role=\"button\" aria-controls=\"elementor-tab-content-1351\" aria-expanded=\"false\">\n\t\t\t\t\t\t\t\t\t\t\t\t\t<span class=\"elementor-accordion-icon elementor-accordion-icon-left\" aria-hidden=\"true\">\n\t\t\t\t\t\t\t\t\t\t\t\t\t\t\t<span class=\"elementor-accordion-icon-closed\"><i class=\"fas fa-plus\"><\/i><\/span>\n\t\t\t\t\t\t\t\t<span class=\"elementor-accordion-icon-opened\"><i class=\"fas fa-minus\"><\/i><\/span>\n\t\t\t\t\t\t\t\t\t\t\t\t\t\t<\/span>\n\t\t\t\t\t\t\t\t\t\t\t\t<a class=\"elementor-accordion-title\" tabindex=\"0\">Market-meykerlik f\u0259aliyy\u0259ti emitentl\u0259r \u00fc\u00e7\u00fcn hans\u0131 \u00fcst\u00fcnl\u00fck yarad\u0131r?<\/a>\n\t\t\t\t\t<\/div>\n\t\t\t\t\t<div id=\"elementor-tab-content-1351\" class=\"elementor-tab-content elementor-clearfix\" data-tab=\"1\" role=\"region\" aria-labelledby=\"elementor-tab-title-1351\"><p>Emitentin \u0259sas m\u0259qs\u0259di bazardan v\u0259sait c\u0259lb etm\u0259kdir. Bunun \u00fc\u00e7\u00fcn d\u0259 onun buraxd\u0131\u011f\u0131 QK-lara investorlar\u0131n\u00a0mara\u011f\u0131 olmal\u0131d\u0131r. Bunu da t\u0259min etm\u0259yin \u0259n rahat yollar\u0131ndan biri ka\u011f\u0131z \u00fczr\u0259 MM-in olmas\u0131d\u0131r.<\/p><p>Bir emitentin bird\u0259n \u00e7ox QK-z\u0131 ola bil\u0259r (S\u0259hm, f\u0259rqli x\u00fcsusiyy\u0259tli \u0130stiqrazlar v\u0259 s.) T\u0259krar bazarda ticar\u0259t edil\u0259n QK-lar\u0131n MM-l\u0259ri varsa bu onu g\u00f6st\u0259rir ki, emitentin yeni buraxaca\u011f\u0131 QK-lar da likvid olacaq v\u0259 investorlar\u0131 c\u0259lb ed\u0259c\u0259k.\u00a0\u00a0\u00a0\u00a0<\/p><p>Dig\u0259r t\u0259r\u0259fd\u0259n reytinq\u00a0agentlikl\u0259rinin Emitentl\u0259r\u0259 reytinq\u00a0ver\u0259rk\u0259n baxd\u0131qlar\u0131 parametrl\u0259rd\u0259n biri spredin a\u015fa\u011f\u0131 olmas\u0131d\u0131r. QK-n\u0131n spredi n\u0259 q\u0259d\u0259r a\u015fa\u011f\u0131d\u0131rsa bu onun reytinqin\u0259 bir o q\u0259d\u0259r m\u00fcsb\u0259t t\u0259sir g\u00f6st\u0259rir.\u00a0 Spredin a\u015fa\u011f\u0131 olmas\u0131 da qeyd olundu\u011fu kimi MM-in f\u0259aliyy\u0259tind\u0259n as\u0131l\u0131d\u0131r.\u00a0<\/p><\/div>\n\t\t\t\t<\/div>\n\t\t\t\t\t\t\t<div class=\"elementor-accordion-item\">\n\t\t\t\t\t<div id=\"elementor-tab-title-1352\" class=\"elementor-tab-title\" data-tab=\"2\" role=\"button\" aria-controls=\"elementor-tab-content-1352\" aria-expanded=\"false\">\n\t\t\t\t\t\t\t\t\t\t\t\t\t<span class=\"elementor-accordion-icon elementor-accordion-icon-left\" aria-hidden=\"true\">\n\t\t\t\t\t\t\t\t\t\t\t\t\t\t\t<span class=\"elementor-accordion-icon-closed\"><i class=\"fas fa-plus\"><\/i><\/span>\n\t\t\t\t\t\t\t\t<span class=\"elementor-accordion-icon-opened\"><i class=\"fas fa-minus\"><\/i><\/span>\n\t\t\t\t\t\t\t\t\t\t\t\t\t\t<\/span>\n\t\t\t\t\t\t\t\t\t\t\t\t<a class=\"elementor-accordion-title\" tabindex=\"0\">Market-meykerlik f\u0259aliyy\u0259ti investorlar \u00fc\u00e7\u00fcn hans\u0131 \u00fcst\u00fcnl\u00fck yarad\u0131r?<\/a>\n\t\t\t\t\t<\/div>\n\t\t\t\t\t<div id=\"elementor-tab-content-1352\" class=\"elementor-tab-content elementor-clearfix\" data-tab=\"2\" role=\"region\" aria-labelledby=\"elementor-tab-title-1352\"><p>\u0130nvestor g\u0259lirliliyi\u00a0eyni olan iki aktiv aras\u0131nda\u00a0h\u0259r zaman daha likvid olan\u0131n\u0131 se\u00e7ir.\u00a0 \u018fld\u0259 etdiyi aktivi (QK) qiym\u0259t itkisi olmadan na\u011fd v\u0259sait\u0259 \u00e7evir\u0259 bilm\u0259k\u00a0bir \u00fcst\u00fcnl\u00fckd\u00fcr. Aktivin likvidliyi onun al\u0131\u015f v\u0259 sat\u0131\u015f qiym\u0259tl\u0259ri aras\u0131ndak\u0131 f\u0259rql\u0259 (spredl\u0259) \u00f6l\u00e7\u00fcl\u00fcr. Spred n\u0259 q\u0259d\u0259r azd\u0131rsa aktiv (QK) bir o q\u0259d\u0259r likviddir. B\u0259zi\u00a0qeyri likvid aktivl\u0259rin spredi b\u00f6y\u00fckd\u00fcr, m\u0259s\u0259l\u0259n, al\u0131\u015f\u0131 20 USD\u00a0 sat\u0131\u015f\u0131 40 USD-dir. Siz bu aktivi ald\u0131qdan\u00a0sonra satmaq ist\u0259s\u0259niz,\u00a040 dollardan al\u0131b\u00a020 dollara sataca\u011f\u0131n\u0131z\u00a0\u00fc\u00e7\u00fcn\u00a050% itki il\u0259 \u00fczl\u0259\u015f\u0259c\u0259ksiniz.\u0130nvestorlar\u0131n ikinci diqq\u0259t etdiyi kriteriyalardan biri QK-\u0131\u00a0pula \u00e7evir\u0259 bilm\u0259k s\u00fcr\u0259tidir. Bu da likvidliyin daha bir parametridir.\u00a0 Tutaq ki, h\u0259r hans\u0131 bir QK-\u0131 bug\u00fcn ald\u0131n\u0131z v\u0259 bilirsiniz ki, bir ild\u0259n sonra satacaqs\u0131n\u0131z. Bir ay sonra \u0259g\u0259r QK-n\u0131z\u0131 h\u0259r hans\u0131 bir s\u0259b\u0259b\u0259 g\u00f6r\u0259\u00a0satmaq q\u0259rar\u0131na g\u0259ls\u0259niz. likvid olmayan QK \u00fc\u00e7\u00fcn\u00a0asanl\u0131qla al\u0131c\u0131 tapmayacaqs\u0131n\u0131z v\u0259\u00a0siz h\u0259min\u00a0QK-\u0131 q\u0131sa m\u00fcdd\u0259td\u0259 sata bilm\u0259y\u0259c\u0259ksiniz.\u00a0 Bu bax\u0131mdan, m\u0259s\u0259l\u0259n, \u0259mlak bazar\u0131 QK-lar bazar\u0131na n\u0259z\u0259r\u0259n daha az likviddir,\u00a0\u00e7\u00fcnki q\u0131sa m\u00fcdd\u0259td\u0259 alq\u0131-satq\u0131 h\u0259yata ke\u00e7irm\u0259k \u00e7\u0259tindir v\u0259 pul itir\u0259 bil\u0259rsiniz. Bu iki faktor\u00a0n\u0259z\u0259r\u0259 al\u0131naraq, MM f\u0259aliyy\u0259ti investorlar \u00fc\u00e7\u00fcn \u00e7ox b\u00f6y\u00fck \u00fcst\u00fcn\u00fckl\u0259r yarad\u0131r.<\/p><\/div>\n\t\t\t\t<\/div>\n\t\t\t\t\t\t\t\t<\/div>\n\t\t\t\t\t\t<\/div>\n\t\t\t\t<\/div>\n\t\t\t\t\t<\/div>\n\t\t<\/div>\n\t\t\t\t<div class=\"elementor-column elementor-col-33 elementor-top-column elementor-element elementor-element-d4aecf9\" data-id=\"d4aecf9\" data-element_type=\"column\">\n\t\t\t<div class=\"elementor-widget-wrap\">\n\t\t\t\t\t\t\t<\/div>\n\t\t<\/div>\n\t\t\t\t\t<\/div>\n\t\t<\/section>\n\t\t\t\t<\/div>\n\t\t","protected":false},"excerpt":{"rendered":"<p>Market-Meyker Xidm\u0259ti Market-meyker h\u0259r hans\u0131 bir qiym\u0259tli ka\u011f\u0131z\u0131n al\u0131\u015f\u0131n\u0131 v\u0259 sat\u0131\u015f\u0131n\u0131 \u00f6z hesab\u0131na h\u0259yata ke\u00e7ir\u0259n investisiya \u015firk\u0259tidir. Qiym\u0259tli ka\u011f\u0131z\u0131n bazar yarad\u0131c\u0131s\u0131 olan Market meyker \u00f6z \u00fcz\u0259rin\u0259 m\u00fc\u0259yy\u0259n \u00f6hd\u0259likl\u0259r g\u00f6t\u00fcr\u00fcr : Al\u0131\u015f v\u0259 sat\u0131\u015f qiym\u0259tl\u0259rini m\u00fc\u0259yy\u0259nl\u0259\u015fdirir v\u0259 birja vasit\u0259si il\u0259 elan edir. Kotirovka spredi (al\u0131\u015f v\u0259 sat\u0131\u015f qiym\u0259tl\u0259ri aras\u0131nda olan f\u0259rq) m\u00fc\u0259yy\u0259n geni\u015fliyi \u00f6tm\u0259m\u0259lidir. Minimal h\u0259cm: [&hellip;]<\/p>\n","protected":false},"author":1,"featured_media":0,"parent":0,"menu_order":0,"comment_status":"closed","ping_status":"closed","template":"elementor_header_footer","meta":{"_acf_changed":false,"_monsterinsights_skip_tracking":false,"_monsterinsights_sitenote_active":false,"_monsterinsights_sitenote_note":"","_monsterinsights_sitenote_category":0,"footnotes":""},"class_list":["post-794","page","type-page","status-publish","hentry"],"acf":[],"_links":{"self":[{"href":"https:\/\/psgkapital.az\/en\/wp-json\/wp\/v2\/pages\/794","targetHints":{"allow":["GET"]}}],"collection":[{"href":"https:\/\/psgkapital.az\/en\/wp-json\/wp\/v2\/pages"}],"about":[{"href":"https:\/\/psgkapital.az\/en\/wp-json\/wp\/v2\/types\/page"}],"author":[{"embeddable":true,"href":"https:\/\/psgkapital.az\/en\/wp-json\/wp\/v2\/users\/1"}],"replies":[{"embeddable":true,"href":"https:\/\/psgkapital.az\/en\/wp-json\/wp\/v2\/comments?post=794"}],"version-history":[{"count":8,"href":"https:\/\/psgkapital.az\/en\/wp-json\/wp\/v2\/pages\/794\/revisions"}],"predecessor-version":[{"id":1070,"href":"https:\/\/psgkapital.az\/en\/wp-json\/wp\/v2\/pages\/794\/revisions\/1070"}],"wp:attachment":[{"href":"https:\/\/psgkapital.az\/en\/wp-json\/wp\/v2\/media?parent=794"}],"curies":[{"name":"wp","href":"https:\/\/api.w.org\/{rel}","templated":true}]}}