{"id":805,"date":"2023-05-31T21:08:11","date_gmt":"2023-05-31T21:08:11","guid":{"rendered":"https:\/\/www.1web.az\/psgkapital\/?page_id=805"},"modified":"2023-08-07T09:29:00","modified_gmt":"2023-08-07T09:29:00","slug":"anderraytinq","status":"publish","type":"page","link":"https:\/\/psgkapital.az\/en\/anderraytinq\/","title":{"rendered":"Underwriting"},"content":{"rendered":"\t\t<div data-elementor-type=\"wp-page\" data-elementor-id=\"805\" class=\"elementor elementor-805\">\n\t\t\t\t\t\t<section class=\"elementor-section elementor-top-section elementor-element elementor-element-95e6d59 elementor-section-boxed elementor-section-height-default elementor-section-height-default\" data-id=\"95e6d59\" data-element_type=\"section\">\n\t\t\t\t\t\t<div class=\"elementor-container elementor-column-gap-default\">\n\t\t\t\t\t<div class=\"elementor-column elementor-col-100 elementor-top-column elementor-element elementor-element-5ab4a25\" data-id=\"5ab4a25\" data-element_type=\"column\">\n\t\t\t<div class=\"elementor-widget-wrap elementor-element-populated\">\n\t\t\t\t\t\t<div class=\"elementor-element elementor-element-8b70e7c elementor-widget elementor-widget-spacer\" data-id=\"8b70e7c\" data-element_type=\"widget\" data-widget_type=\"spacer.default\">\n\t\t\t\t<div class=\"elementor-widget-container\">\n\t\t\t\t\t\t\t<div class=\"elementor-spacer\">\n\t\t\t<div class=\"elementor-spacer-inner\"><\/div>\n\t\t<\/div>\n\t\t\t\t\t\t<\/div>\n\t\t\t\t<\/div>\n\t\t\t\t\t<\/div>\n\t\t<\/div>\n\t\t\t\t\t<\/div>\n\t\t<\/section>\n\t\t\t\t<section class=\"elementor-section elementor-top-section elementor-element elementor-element-644e0a5 elementor-section-boxed elementor-section-height-default elementor-section-height-default\" data-id=\"644e0a5\" data-element_type=\"section\">\n\t\t\t\t\t\t<div class=\"elementor-container elementor-column-gap-default\">\n\t\t\t\t\t<div class=\"elementor-column elementor-col-100 elementor-top-column elementor-element elementor-element-05a039d\" data-id=\"05a039d\" data-element_type=\"column\">\n\t\t\t<div class=\"elementor-widget-wrap elementor-element-populated\">\n\t\t\t\t\t\t<div class=\"elementor-element elementor-element-3f01b67 elementor-widget elementor-widget-text-editor\" data-id=\"3f01b67\" data-element_type=\"widget\" data-widget_type=\"text-editor.default\">\n\t\t\t\t<div class=\"elementor-widget-container\">\n\t\t\t\t\t\t\t\t\t<p><strong>\u015eirk\u0259tl\u0259rin biznesi inki\u015faf etdirm\u0259k v\u0259 qar\u015f\u0131ya qoyulan h\u0259d\u0259fl\u0259r\u0259 \u00e7atmaq \u00fc\u00e7\u00fcn\u00a0m\u00fct\u0259madi olaraq \u0259lav\u0259 kapitala v\u0259 pul v\u0259saitl\u0259rin\u0259 ehtiyaclar\u0131 yaran\u0131r.<\/strong><\/p><p><br \/>M\u00f6vcud kapital ehtiyaclar\u0131n\u0131 qar\u015f\u0131laya bilm\u0259k \u00fc\u00e7\u00fcn onlar kapital bazarlar\u0131n\u0131n al\u0259tl\u0259rind\u0259n\u00a0istifad\u0259 ed\u0259r\u0259k h\u0259m iqtisadiyyatda istifad\u0259siz qalan v\u0259saitl\u0259ri investisiyaya \u00e7evir\u0259,\u00a0h\u0259m d\u0259 daha uzun m\u00fcdd\u0259tli v\u0259sait c\u0259lb ed\u0259 bil\u0259rl\u0259r. Qiym\u0259tli ka\u011f\u0131zlar emissiya\u00a0ed\u0259r\u0259k (s\u0259hm, istiqraz v\u0259 s.) kapital bazar\u0131nda \u0259lav\u0259 maliyy\u0259l\u0259\u015fm\u0259 imkanlar\u0131ndan\u00a0yararlanmaq m\u00fcmk\u00fcnd\u00fcr. Yeni emissiya olunan ka\u011f\u0131zlar\u0131n emissiyasi, qeydiyyat\u0131\u00a0yerl\u0259\u015fdirm\u0259 prosesinin b\u00fct\u00fcn\u00fcn\u00fc t\u0259\u015fkil ed\u0259n Anderraytinq Xidm\u0259tind\u0259n yararlanaraq\u00a0\u0259lav\u0259 v\u0259saitl\u0259rin c\u0259lb olunmas\u0131n\u0131 t\u0259min etm\u0259k olar.<\/p>\t\t\t\t\t\t\t\t<\/div>\n\t\t\t\t<\/div>\n\t\t\t\t<div class=\"elementor-element elementor-element-5aebb96 elementor-widget elementor-widget-text-editor\" data-id=\"5aebb96\" data-element_type=\"widget\" data-widget_type=\"text-editor.default\">\n\t\t\t\t<div class=\"elementor-widget-container\">\n\t\t\t\t\t\t\t\t\t<h2 class=\"title\">Xidm\u0259tin n\u00f6vl\u0259ri<\/h2><ul><li>Yeni Qiym\u0259tli Ka\u011f\u0131zlar\u0131n burax\u0131l\u0131\u015f\u0131<\/li><li>Yeni emissiya olunacaq qiym\u0259tli ka\u011f\u0131zlar\u0131n emissiya prospektinin haz\u0131rlanmas\u0131<\/li><li>Qiym\u0259tli Ka\u011f\u0131zlar \u00fczr\u0259 D\u00f6vl\u0259t Komit\u0259sind\u0259 qiym\u0259tli ka\u011f\u0131zlar\u0131n burax\u0131l\u0131\u015f\u0131n\u0131n qeydiyyata al\u0131nmas\u0131<\/li><li>Qiym\u0259tli ka\u011f\u0131zlar\u0131n Milli Depozit M\u0259rk\u0259zinin u\u00e7ot sistemind\u0259 emissiya depo hesabina daxil edilm\u0259si<\/li><li>Yeni emissiya olunan ka\u011f\u0131zlar\u0131n yerl\u0259\u015fdirilm\u0259si \u00fc\u00e7\u00fcn emitentl\u0259 birlikd\u0259 investorlar\u0131n c\u0259lb<br \/>olunmas\u0131na k\u00f6m\u0259klik g\u00f6st\u0259rilm\u0259si<\/li><li>Qiym\u0259tli Ka\u011f\u0131zlar\u0131n Emissiya prospektind\u0259 qeyd olunan proseduralar ba\u015fa \u00e7atd\u0131qdan sonra<br \/>ka\u011f\u0131zlar\u0131n yerl\u0259\u015fdirilm\u0259sinin Bak\u0131 Fond Birjasi vasit\u0259sil\u0259 h\u0259yata ke\u00e7irilm\u0259si<\/li><\/ul>\t\t\t\t\t\t\t\t<\/div>\n\t\t\t\t<\/div>\n\t\t\t\t\t<\/div>\n\t\t<\/div>\n\t\t\t\t\t<\/div>\n\t\t<\/section>\n\t\t\t\t<section class=\"elementor-section elementor-top-section elementor-element elementor-element-48ee0f6 elementor-section-boxed elementor-section-height-default elementor-section-height-default\" data-id=\"48ee0f6\" data-element_type=\"section\">\n\t\t\t\t\t\t<div class=\"elementor-container elementor-column-gap-default\">\n\t\t\t\t\t<div class=\"elementor-column elementor-col-100 elementor-top-column elementor-element elementor-element-47e88db\" data-id=\"47e88db\" data-element_type=\"column\">\n\t\t\t<div class=\"elementor-widget-wrap elementor-element-populated\">\n\t\t\t\t\t\t<div class=\"elementor-element elementor-element-0ec5eb8 elementor-widget elementor-widget-spacer\" data-id=\"0ec5eb8\" data-element_type=\"widget\" data-widget_type=\"spacer.default\">\n\t\t\t\t<div class=\"elementor-widget-container\">\n\t\t\t\t\t\t\t<div class=\"elementor-spacer\">\n\t\t\t<div class=\"elementor-spacer-inner\"><\/div>\n\t\t<\/div>\n\t\t\t\t\t\t<\/div>\n\t\t\t\t<\/div>\n\t\t\t\t\t<\/div>\n\t\t<\/div>\n\t\t\t\t\t<\/div>\n\t\t<\/section>\n\t\t\t\t<section class=\"elementor-section elementor-top-section elementor-element elementor-element-ca52221 elementor-section-boxed elementor-section-height-default elementor-section-height-default\" data-id=\"ca52221\" data-element_type=\"section\">\n\t\t\t\t\t\t<div class=\"elementor-container elementor-column-gap-default\">\n\t\t\t\t\t<div class=\"elementor-column elementor-col-100 elementor-top-column elementor-element elementor-element-2afeb39\" data-id=\"2afeb39\" data-element_type=\"column\">\n\t\t\t<div class=\"elementor-widget-wrap elementor-element-populated\">\n\t\t\t\t\t\t<div class=\"elementor-element elementor-element-670dc7c elementor-tabs-view-horizontal elementor-widget elementor-widget-tabs\" data-id=\"670dc7c\" data-element_type=\"widget\" data-widget_type=\"tabs.default\">\n\t\t\t\t<div class=\"elementor-widget-container\">\n\t\t\t\t\t\t\t<div class=\"elementor-tabs\">\n\t\t\t<div class=\"elementor-tabs-wrapper\" role=\"tablist\" >\n\t\t\t\t\t\t\t\t\t<div id=\"elementor-tab-title-1081\" class=\"elementor-tab-title elementor-tab-desktop-title\" aria-selected=\"true\" data-tab=\"1\" role=\"tab\" tabindex=\"0\" aria-controls=\"elementor-tab-content-1081\" aria-expanded=\"false\">H\u00fcquqi \u015e\u0259xsl\u0259r<\/div>\n\t\t\t\t\t\t\t\t\t<div id=\"elementor-tab-title-1082\" class=\"elementor-tab-title elementor-tab-desktop-title\" aria-selected=\"false\" data-tab=\"2\" role=\"tab\" tabindex=\"-1\" aria-controls=\"elementor-tab-content-1082\" aria-expanded=\"false\">Fiziki \u015e\u0259xsl\u0259r<\/div>\n\t\t\t\t\t\t\t<\/div>\n\t\t\t<div class=\"elementor-tabs-content-wrapper\" role=\"tablist\" aria-orientation=\"vertical\">\n\t\t\t\t\t\t\t\t\t<div class=\"elementor-tab-title elementor-tab-mobile-title\" aria-selected=\"true\" data-tab=\"1\" role=\"tab\" tabindex=\"0\" aria-controls=\"elementor-tab-content-1081\" aria-expanded=\"false\">H\u00fcquqi \u015e\u0259xsl\u0259r<\/div>\n\t\t\t\t\t<div id=\"elementor-tab-content-1081\" class=\"elementor-tab-content elementor-clearfix\" data-tab=\"1\" role=\"tabpanel\" aria-labelledby=\"elementor-tab-title-1081\" tabindex=\"0\" hidden=\"false\"><table><tbody><tr><td>Nizamnam\u0259 &#8211; notariat t\u0259sdiqli<\/td><\/tr><tr><td>D\u00f6vl\u0259t qeydiyyat\u0131 haqq\u0131nda \u015f\u0259had\u0259tnam\u0259 (notariat t\u0259sdiqli)<\/td><\/tr><tr><td>V\u00d6EN bildiri\u015f (sur\u0259ti)<\/td><\/tr><tr><td>\u0130dar\u0259 Hey\u0259ti S\u0259drinin \u015f\u0259xsiyy\u0259t v\u0259siq\u0259si (sur\u0259ti)<\/td><\/tr><tr><td>Idar\u0259 Hey\u0259tinin S\u0259drinin t\u0259yin olunmas\u0131 haqq\u0131nda \u0259mri (t\u0259sdiqli)<\/td><\/tr><tr><td>Bank rekvizitl\u0259ri<\/td><\/tr><\/tbody><\/table><\/div>\n\t\t\t\t\t\t\t\t\t<div class=\"elementor-tab-title elementor-tab-mobile-title\" aria-selected=\"false\" data-tab=\"2\" role=\"tab\" tabindex=\"-1\" aria-controls=\"elementor-tab-content-1082\" aria-expanded=\"false\">Fiziki \u015e\u0259xsl\u0259r<\/div>\n\t\t\t\t\t<div id=\"elementor-tab-content-1082\" class=\"elementor-tab-content elementor-clearfix\" data-tab=\"2\" role=\"tabpanel\" aria-labelledby=\"elementor-tab-title-1082\" tabindex=\"0\" hidden=\"hidden\"><table><tbody><tr><td>Nizamnam\u0259 &#8211; notariat t\u0259sdiqli<\/td><\/tr><tr><td>D\u00f6vl\u0259t qeydiyyat\u0131 haqq\u0131nda \u015f\u0259had\u0259tnam\u0259 (notariat t\u0259sdiqli)<\/td><\/tr><tr><td>V\u00d6EN bildiri\u015f (sur\u0259ti)<\/td><\/tr><tr><td>\u0130dar\u0259 Hey\u0259ti S\u0259drinin \u015f\u0259xsiyy\u0259t v\u0259siq\u0259si (sur\u0259ti)<\/td><\/tr><tr><td>Idar\u0259 Hey\u0259tinin S\u0259drinin t\u0259yin olunmas\u0131 haqq\u0131nda \u0259mri (t\u0259sdiqli)<\/td><\/tr><tr><td>Bank rekvizitl\u0259ri<\/td><\/tr><\/tbody><\/table><\/div>\n\t\t\t\t\t\t\t<\/div>\n\t\t<\/div>\n\t\t\t\t\t\t<\/div>\n\t\t\t\t<\/div>\n\t\t\t\t\t<\/div>\n\t\t<\/div>\n\t\t\t\t\t<\/div>\n\t\t<\/section>\n\t\t\t\t<\/div>\n\t\t","protected":false},"excerpt":{"rendered":"<p>\u015eirk\u0259tl\u0259rin biznesi inki\u015faf etdirm\u0259k v\u0259 qar\u015f\u0131ya qoyulan h\u0259d\u0259fl\u0259r\u0259 \u00e7atmaq \u00fc\u00e7\u00fcn\u00a0m\u00fct\u0259madi olaraq \u0259lav\u0259 kapitala v\u0259 pul v\u0259saitl\u0259rin\u0259 ehtiyaclar\u0131 yaran\u0131r. M\u00f6vcud kapital ehtiyaclar\u0131n\u0131 qar\u015f\u0131laya bilm\u0259k \u00fc\u00e7\u00fcn onlar kapital bazarlar\u0131n\u0131n al\u0259tl\u0259rind\u0259n\u00a0istifad\u0259 ed\u0259r\u0259k h\u0259m iqtisadiyyatda istifad\u0259siz qalan v\u0259saitl\u0259ri investisiyaya \u00e7evir\u0259,\u00a0h\u0259m d\u0259 daha uzun m\u00fcdd\u0259tli v\u0259sait c\u0259lb ed\u0259 bil\u0259rl\u0259r. Qiym\u0259tli ka\u011f\u0131zlar emissiya\u00a0ed\u0259r\u0259k (s\u0259hm, istiqraz v\u0259 s.) kapital bazar\u0131nda \u0259lav\u0259 maliyy\u0259l\u0259\u015fm\u0259 [&hellip;]<\/p>\n","protected":false},"author":1,"featured_media":0,"parent":0,"menu_order":0,"comment_status":"closed","ping_status":"closed","template":"elementor_header_footer","meta":{"_acf_changed":false,"_monsterinsights_skip_tracking":false,"_monsterinsights_sitenote_active":false,"_monsterinsights_sitenote_note":"","_monsterinsights_sitenote_category":0,"footnotes":""},"class_list":["post-805","page","type-page","status-publish","hentry"],"acf":[],"_links":{"self":[{"href":"https:\/\/psgkapital.az\/en\/wp-json\/wp\/v2\/pages\/805","targetHints":{"allow":["GET"]}}],"collection":[{"href":"https:\/\/psgkapital.az\/en\/wp-json\/wp\/v2\/pages"}],"about":[{"href":"https:\/\/psgkapital.az\/en\/wp-json\/wp\/v2\/types\/page"}],"author":[{"embeddable":true,"href":"https:\/\/psgkapital.az\/en\/wp-json\/wp\/v2\/users\/1"}],"replies":[{"embeddable":true,"href":"https:\/\/psgkapital.az\/en\/wp-json\/wp\/v2\/comments?post=805"}],"version-history":[{"count":14,"href":"https:\/\/psgkapital.az\/en\/wp-json\/wp\/v2\/pages\/805\/revisions"}],"predecessor-version":[{"id":1071,"href":"https:\/\/psgkapital.az\/en\/wp-json\/wp\/v2\/pages\/805\/revisions\/1071"}],"wp:attachment":[{"href":"https:\/\/psgkapital.az\/en\/wp-json\/wp\/v2\/media?parent=805"}],"curies":[{"name":"wp","href":"https:\/\/api.w.org\/{rel}","templated":true}]}}