{"id":821,"date":"2023-06-03T20:47:51","date_gmt":"2023-06-03T20:47:51","guid":{"rendered":"https:\/\/www.1web.az\/psgkapital\/?page_id=821"},"modified":"2023-08-07T09:29:33","modified_gmt":"2023-08-07T09:29:33","slug":"yanashmamiz","status":"publish","type":"page","link":"https:\/\/psgkapital.az\/en\/yanashmamiz\/","title":{"rendered":"Our Approach"},"content":{"rendered":"\t\t<div data-elementor-type=\"wp-page\" data-elementor-id=\"821\" class=\"elementor elementor-821\">\n\t\t\t\t\t\t<section class=\"elementor-section elementor-top-section elementor-element elementor-element-e42343e elementor-section-boxed elementor-section-height-default elementor-section-height-default\" data-id=\"e42343e\" data-element_type=\"section\">\n\t\t\t\t\t\t<div class=\"elementor-container elementor-column-gap-default\">\n\t\t\t\t\t<div class=\"elementor-column elementor-col-100 elementor-top-column elementor-element elementor-element-81637a0\" data-id=\"81637a0\" data-element_type=\"column\">\n\t\t\t<div class=\"elementor-widget-wrap elementor-element-populated\">\n\t\t\t\t\t\t<div class=\"elementor-element elementor-element-9134e7a elementor-widget elementor-widget-spacer\" data-id=\"9134e7a\" data-element_type=\"widget\" data-widget_type=\"spacer.default\">\n\t\t\t\t<div class=\"elementor-widget-container\">\n\t\t\t\t\t\t\t<div class=\"elementor-spacer\">\n\t\t\t<div class=\"elementor-spacer-inner\"><\/div>\n\t\t<\/div>\n\t\t\t\t\t\t<\/div>\n\t\t\t\t<\/div>\n\t\t\t\t\t<\/div>\n\t\t<\/div>\n\t\t\t\t\t<\/div>\n\t\t<\/section>\n\t\t\t\t<section class=\"elementor-section elementor-top-section elementor-element elementor-element-6361d76 elementor-section-boxed elementor-section-height-default elementor-section-height-default\" data-id=\"6361d76\" data-element_type=\"section\">\n\t\t\t\t\t\t<div class=\"elementor-container elementor-column-gap-default\">\n\t\t\t\t\t<div class=\"elementor-column elementor-col-100 elementor-top-column elementor-element elementor-element-6bf3053\" data-id=\"6bf3053\" data-element_type=\"column\">\n\t\t\t<div class=\"elementor-widget-wrap elementor-element-populated\">\n\t\t\t\t\t\t<div class=\"elementor-element elementor-element-1809305 elementor-widget elementor-widget-text-editor\" data-id=\"1809305\" data-element_type=\"widget\" data-widget_type=\"text-editor.default\">\n\t\t\t\t<div class=\"elementor-widget-container\">\n\t\t\t\t\t\t\t\t\t<h3 style=\"text-align: center;\"><span style=\"color: #000000;\">Yana\u015fmam\u0131z<\/span><\/h3><p><strong>Portfelin idar\u0259 edilm\u0259si \u00fczr\u0259 prinsipl\u0259rimiz \u00e7ox sad\u0259dir: maksimum \u015f\u0259ffafl\u0131q, ayd\u0131n planla\u015fd\u0131r\u0131lm\u0131\u015f investisiya strategiyalar\u0131 v\u0259 d\u00fczg\u00fcn idar\u0259etm\u0259. \u018fsas m\u0259qs\u0259dimiz m\u00fc\u015ft\u0259ril\u0259rimiz\u0259 uzunm\u00fcdd\u0259tli v\u0259 stabil g\u0259lir g\u0259tirm\u0259kdir. Buna nail olmaq \u00fc\u00e7\u00fcn h\u0259r zaman \u00f6z prinsipl\u0259rimizi\u00a0t\u0259tbiq edirik.<\/strong><\/p><p>M\u00fc\u015ft\u0259ril\u0259rimizin h\u0259d\u0259f v\u0259 t\u0259l\u0259bl\u0259rini \u00f6yr\u0259nm\u0259k v\u0259 eyni zamanda da\u015f\u0131d\u0131qlar\u0131 riskl\u0259ri onlara ayd\u0131n \u015f\u0259kild\u0259 izah etm\u0259kl\u0259 maksimum \u015f\u0259ffafl\u0131\u011f\u0131 t\u0259min edirik.\u00a0 H\u0259r \u015feyd\u0259n \u00f6nc\u0259, m\u00fc\u015ft\u0259rinin risk d\u00f6z\u00fcml\u00fcl\u00fcy\u00fcn\u00fc, onun hans\u0131 riskl\u0259ri g\u00f6t\u00fcrm\u0259k ist\u0259diyini v\u0259 g\u00f6t\u00fcr\u0259 bil\u0259c\u0259yini t\u0259yin edirik. Daha sonra, riskin qar\u015f\u0131l\u0131\u011f\u0131nda ona hans\u0131 g\u0259lirliliyi g\u00f6zl\u0259y\u0259 bil\u0259c\u0259yini izah edirik. M\u00fc\u015ft\u0259ril\u0259rimiz sor\u011fu anketini dolduraraq yuxar\u0131dak\u0131 \u0259sas suallara cavab verirl\u0259r v\u0259 n\u0259hay\u0259t investisiyan\u0131n m\u00fcdd\u0259tini v\u0259 m\u00fc\u015ft\u0259rimizin pul ax\u0131n\u0131 g\u00f6zl\u0259ntil\u0259rini m\u00fc\u0259yy\u0259nl\u0259\u015fdiririk. M\u00fc\u015ft\u0259rinin risk profili v\u0259 investisiya m\u00fcdd\u0259ti \u0259sas\u0131nda ona uy\u011fun, haz\u0131r investisiya m\u0259hsulumuzu t\u0259klif edirik v\u0259 ya onun t\u0259l\u0259bl\u0259rin\u0259 uy\u011fun qeyri-standart portfel yarad\u0131r\u0131q. M\u00fc\u015ft\u0259ri portfel se\u00e7imind\u0259 birba\u015fa i\u015ftirak edir v\u0259 eyni zamanda b\u00fct\u00fcn investisiya m\u00fcdd\u0259tind\u0259 t\u0259r\u0259fimizd\u0259n m\u00fct\u0259madi m\u0259lumatland\u0131r\u0131l\u0131r.<\/p><p>\u018fn\u0259n\u0259vi, alternativ v\u0259 bu iki investisiya n\u00f6vl\u0259rinin sintezind\u0259n yaranan m\u00fcr\u0259kk\u0259b strategiyalardan istifad\u0259 edirik. Bu strategiyalar \u0259sas\u0131nda qurulan portfell\u0259r m\u00fc\u015ft\u0259ril\u0259rimizin t\u0259l\u0259b v\u0259 g\u00f6zl\u0259ntil\u0259rin\u0259 tam cavab verir. Bazardak\u0131 uzunm\u00fcdd\u0259tli tendensiyalar\u0131 t\u0259hlil ed\u0259r\u0259k biznes d\u00f6vrl\u0259rin\u0259 uy\u011fun optimal strategiyalar\u0131 se\u00e7irik.<\/p><p>Yuxar\u0131da qeyd edil\u0259n m\u0259qamlar d\u0259qiql\u0259\u015fdirildikd\u0259n sonra portfell\u0259ri formala\u015fd\u0131r\u0131r\u0131q. PSG-Kapital \u0130nvestisiya \u015eirk\u0259ti bir \u00e7ox beyn\u0259lxalq broker \u015firk\u0259tl\u0259ri v\u0259 maliyy\u0259 institutlar\u0131 il\u0259 s\u0131x \u0259laq\u0259d\u0259dir v\u0259 onlar\u0131n t\u0259qdim etdikl\u0259ri \u0259n m\u00fcasir texnoloji imkanlardan istifad\u0259 edir. Portfell\u0259ri formala\u015fd\u0131rark\u0259n v\u0259 idar\u0259 ed\u0259rk\u0259n s\u00fcr\u0259tli bazar \u0259m\u0259liyyatlar\u0131 aparmaq v\u0259 partnyorlar\u0131m\u0131z\u0131n t\u0259qdim etdikl\u0259ri endirimli komissiyalardan yararlanaraq m\u00fc\u015ft\u0259ril\u0259rimizin g\u0259lirl\u0259rini art\u0131rmaq \u0259sas prioritetl\u0259rimizd\u0259n biridir.<\/p>\t\t\t\t\t\t\t\t<\/div>\n\t\t\t\t<\/div>\n\t\t\t\t\t<\/div>\n\t\t<\/div>\n\t\t\t\t\t<\/div>\n\t\t<\/section>\n\t\t\t\t<section class=\"elementor-section elementor-top-section elementor-element elementor-element-4515d94 elementor-section-boxed elementor-section-height-default elementor-section-height-default\" data-id=\"4515d94\" data-element_type=\"section\">\n\t\t\t\t\t\t<div class=\"elementor-container elementor-column-gap-default\">\n\t\t\t\t\t<div class=\"elementor-column elementor-col-33 elementor-top-column elementor-element elementor-element-6870769\" data-id=\"6870769\" data-element_type=\"column\">\n\t\t\t<div class=\"elementor-widget-wrap elementor-element-populated\">\n\t\t\t\t\t\t<div class=\"elementor-element elementor-element-25e72c1 elementor-widget elementor-widget-text-editor\" data-id=\"25e72c1\" data-element_type=\"widget\" data-widget_type=\"text-editor.default\">\n\t\t\t\t<div class=\"elementor-widget-container\">\n\t\t\t\t\t\t\t\t\t<p>H\u0259r bir m\u00fc\u015ft\u0259rinin (H\u00fcquqi v\u0259 Fiziki \u015f\u0259xsl\u0259r) t\u0259l\u0259b, imkan, risk, g\u0259lirlilik g\u00f6zl\u0259ntisin\u0259 cavab ver\u0259n individual yana\u015fma<\/p>\t\t\t\t\t\t\t\t<\/div>\n\t\t\t\t<\/div>\n\t\t\t\t\t<\/div>\n\t\t<\/div>\n\t\t\t\t<div class=\"elementor-column elementor-col-33 elementor-top-column elementor-element elementor-element-b58093f\" data-id=\"b58093f\" data-element_type=\"column\">\n\t\t\t<div class=\"elementor-widget-wrap elementor-element-populated\">\n\t\t\t\t\t\t<div class=\"elementor-element elementor-element-ce1d60b elementor-widget elementor-widget-text-editor\" data-id=\"ce1d60b\" data-element_type=\"widget\" data-widget_type=\"text-editor.default\">\n\t\t\t\t<div class=\"elementor-widget-container\">\n\t\t\t\t\t\t\t\t\t<p>Maliyy\u0259 bazarlar\u0131nda ticar\u0259t edil\u0259n bir \u00e7ox aktiv n\u00f6v\u00fcn\u00fc \u00f6z\u00fcnd\u0259 birl\u0259\u015fdirm\u0259 bacar\u0131\u011f\u0131<\/p>\t\t\t\t\t\t\t\t<\/div>\n\t\t\t\t<\/div>\n\t\t\t\t\t<\/div>\n\t\t<\/div>\n\t\t\t\t<div class=\"elementor-column elementor-col-33 elementor-top-column elementor-element elementor-element-6379b63\" data-id=\"6379b63\" data-element_type=\"column\">\n\t\t\t<div class=\"elementor-widget-wrap elementor-element-populated\">\n\t\t\t\t\t\t<div class=\"elementor-element elementor-element-c846d0c elementor-widget elementor-widget-text-editor\" data-id=\"c846d0c\" data-element_type=\"widget\" data-widget_type=\"text-editor.default\">\n\t\t\t\t<div class=\"elementor-widget-container\">\n\t\t\t\t\t\t\t\t\t<p>\u018fm\u0259liyyatlar\u0131 s\u00fcr\u0259tli v\u0259 ucuz h\u0259yata ke\u00e7irm\u0259k \u00fc\u00e7\u00fcn texnoloji infrastruktur v\u0259 \u0259n b\u00f6y\u00fck beyn\u0259lxalq maliyy\u0259 bazarlar\u0131na \u00e7\u0131x\u0131\u015f imkan\u0131<\/p>\t\t\t\t\t\t\t\t<\/div>\n\t\t\t\t<\/div>\n\t\t\t\t\t<\/div>\n\t\t<\/div>\n\t\t\t\t\t<\/div>\n\t\t<\/section>\n\t\t\t\t<section class=\"elementor-section elementor-top-section elementor-element elementor-element-52c36ec elementor-section-boxed elementor-section-height-default elementor-section-height-default\" data-id=\"52c36ec\" data-element_type=\"section\">\n\t\t\t\t\t\t<div class=\"elementor-container elementor-column-gap-default\">\n\t\t\t\t\t<div class=\"elementor-column elementor-col-33 elementor-top-column elementor-element elementor-element-05f1895\" data-id=\"05f1895\" data-element_type=\"column\">\n\t\t\t<div class=\"elementor-widget-wrap elementor-element-populated\">\n\t\t\t\t\t\t<div class=\"elementor-element elementor-element-d109a90 elementor-widget elementor-widget-text-editor\" data-id=\"d109a90\" data-element_type=\"widget\" data-widget_type=\"text-editor.default\">\n\t\t\t\t<div class=\"elementor-widget-container\">\n\t\t\t\t\t\t\t\t\t<p>Maliyy\u0259 bazarlar\u0131 \u00fczr\u0259 pe\u015f\u0259kar i\u015f\u00e7i hey\u0259ti<\/p>\t\t\t\t\t\t\t\t<\/div>\n\t\t\t\t<\/div>\n\t\t\t\t\t<\/div>\n\t\t<\/div>\n\t\t\t\t<div class=\"elementor-column elementor-col-33 elementor-top-column elementor-element elementor-element-a403fae\" data-id=\"a403fae\" data-element_type=\"column\">\n\t\t\t<div class=\"elementor-widget-wrap elementor-element-populated\">\n\t\t\t\t\t\t<div class=\"elementor-element elementor-element-b5ebd38 elementor-widget elementor-widget-text-editor\" data-id=\"b5ebd38\" data-element_type=\"widget\" data-widget_type=\"text-editor.default\">\n\t\t\t\t<div class=\"elementor-widget-container\">\n\t\t\t\t\t\t\t\t\t<p>V\u0259saitl\u0259rin 10 m\u00fcxt\u0259lif valyutada saxlan\u0131lmas\u0131 imkan\u0131<\/p>\t\t\t\t\t\t\t\t<\/div>\n\t\t\t\t<\/div>\n\t\t\t\t\t<\/div>\n\t\t<\/div>\n\t\t\t\t<div class=\"elementor-column elementor-col-33 elementor-top-column elementor-element elementor-element-c1bc3fa\" data-id=\"c1bc3fa\" data-element_type=\"column\">\n\t\t\t<div class=\"elementor-widget-wrap elementor-element-populated\">\n\t\t\t\t\t\t<div class=\"elementor-element elementor-element-a201fba elementor-widget elementor-widget-text-editor\" data-id=\"a201fba\" data-element_type=\"widget\" data-widget_type=\"text-editor.default\">\n\t\t\t\t<div class=\"elementor-widget-container\">\n\t\t\t\t\t\t\t\t\t<p>\u0130nvestisiya \u015firk\u0259tinin m\u00fcflis olmas\u0131ndan tam s\u0131\u011fortalanma<\/p>\t\t\t\t\t\t\t\t<\/div>\n\t\t\t\t<\/div>\n\t\t\t\t\t<\/div>\n\t\t<\/div>\n\t\t\t\t\t<\/div>\n\t\t<\/section>\n\t\t\t\t<section class=\"elementor-section elementor-top-section elementor-element elementor-element-e13823d elementor-section-boxed elementor-section-height-default elementor-section-height-default\" data-id=\"e13823d\" data-element_type=\"section\">\n\t\t\t\t\t\t<div class=\"elementor-container elementor-column-gap-default\">\n\t\t\t\t\t<div class=\"elementor-column elementor-col-33 elementor-top-column elementor-element elementor-element-1f355ca\" data-id=\"1f355ca\" data-element_type=\"column\">\n\t\t\t<div class=\"elementor-widget-wrap\">\n\t\t\t\t\t\t\t<\/div>\n\t\t<\/div>\n\t\t\t\t<div class=\"elementor-column elementor-col-33 elementor-top-column elementor-element elementor-element-4f91eaf\" data-id=\"4f91eaf\" data-element_type=\"column\">\n\t\t\t<div class=\"elementor-widget-wrap elementor-element-populated\">\n\t\t\t\t\t\t<div class=\"elementor-element elementor-element-7cf4883 elementor-widget elementor-widget-text-editor\" data-id=\"7cf4883\" data-element_type=\"widget\" data-widget_type=\"text-editor.default\">\n\t\t\t\t<div class=\"elementor-widget-container\">\n\t\t\t\t\t\t\t\t\t<p>Banklar v\u0259 maliyy\u0259 t\u0259\u015fkilatlar\u0131 \u00fc\u00e7\u00fcn portfeli \u00f6z balanslar\u0131nda saxlama imkan\u0131<\/p>\t\t\t\t\t\t\t\t<\/div>\n\t\t\t\t<\/div>\n\t\t\t\t\t<\/div>\n\t\t<\/div>\n\t\t\t\t<div class=\"elementor-column elementor-col-33 elementor-top-column elementor-element elementor-element-c5e02a9\" data-id=\"c5e02a9\" data-element_type=\"column\">\n\t\t\t<div class=\"elementor-widget-wrap\">\n\t\t\t\t\t\t\t<\/div>\n\t\t<\/div>\n\t\t\t\t\t<\/div>\n\t\t<\/section>\n\t\t\t\t<\/div>\n\t\t","protected":false},"excerpt":{"rendered":"<p>Yana\u015fmam\u0131z Portfelin idar\u0259 edilm\u0259si \u00fczr\u0259 prinsipl\u0259rimiz \u00e7ox sad\u0259dir: maksimum \u015f\u0259ffafl\u0131q, ayd\u0131n planla\u015fd\u0131r\u0131lm\u0131\u015f investisiya strategiyalar\u0131 v\u0259 d\u00fczg\u00fcn idar\u0259etm\u0259. \u018fsas m\u0259qs\u0259dimiz m\u00fc\u015ft\u0259ril\u0259rimiz\u0259 uzunm\u00fcdd\u0259tli v\u0259 stabil g\u0259lir g\u0259tirm\u0259kdir. Buna nail olmaq \u00fc\u00e7\u00fcn h\u0259r zaman \u00f6z prinsipl\u0259rimizi\u00a0t\u0259tbiq edirik. M\u00fc\u015ft\u0259ril\u0259rimizin h\u0259d\u0259f v\u0259 t\u0259l\u0259bl\u0259rini \u00f6yr\u0259nm\u0259k v\u0259 eyni zamanda da\u015f\u0131d\u0131qlar\u0131 riskl\u0259ri onlara ayd\u0131n \u015f\u0259kild\u0259 izah etm\u0259kl\u0259 maksimum \u015f\u0259ffafl\u0131\u011f\u0131 t\u0259min edirik.\u00a0 H\u0259r \u015feyd\u0259n [&hellip;]<\/p>\n","protected":false},"author":1,"featured_media":0,"parent":0,"menu_order":0,"comment_status":"closed","ping_status":"closed","template":"elementor_header_footer","meta":{"_acf_changed":false,"_monsterinsights_skip_tracking":false,"_monsterinsights_sitenote_active":false,"_monsterinsights_sitenote_note":"","_monsterinsights_sitenote_category":0,"footnotes":""},"class_list":["post-821","page","type-page","status-publish","hentry"],"acf":[],"_links":{"self":[{"href":"https:\/\/psgkapital.az\/en\/wp-json\/wp\/v2\/pages\/821","targetHints":{"allow":["GET"]}}],"collection":[{"href":"https:\/\/psgkapital.az\/en\/wp-json\/wp\/v2\/pages"}],"about":[{"href":"https:\/\/psgkapital.az\/en\/wp-json\/wp\/v2\/types\/page"}],"author":[{"embeddable":true,"href":"https:\/\/psgkapital.az\/en\/wp-json\/wp\/v2\/users\/1"}],"replies":[{"embeddable":true,"href":"https:\/\/psgkapital.az\/en\/wp-json\/wp\/v2\/comments?post=821"}],"version-history":[{"count":8,"href":"https:\/\/psgkapital.az\/en\/wp-json\/wp\/v2\/pages\/821\/revisions"}],"predecessor-version":[{"id":1072,"href":"https:\/\/psgkapital.az\/en\/wp-json\/wp\/v2\/pages\/821\/revisions\/1072"}],"wp:attachment":[{"href":"https:\/\/psgkapital.az\/en\/wp-json\/wp\/v2\/media?parent=821"}],"curies":[{"name":"wp","href":"https:\/\/api.w.org\/{rel}","templated":true}]}}